{"id":4882,"date":"2024-03-30T09:41:28","date_gmt":"2024-03-30T16:41:28","guid":{"rendered":"https:\/\/nigellecosmetics.com\/our-tips\/"},"modified":"2024-03-31T09:35:08","modified_gmt":"2024-03-31T16:35:08","slug":"our-tips","status":"publish","type":"page","link":"https:\/\/nigellecosmetics.com\/en\/our-tips\/","title":{"rendered":"Our tips"},"content":{"rendered":"<ul>\n<li>\n\t\t\t\t\t<a itemprop=\"url\" href=\"https:\/\/nigellecosmetics.com\/en\/10-incredible-benefits-and-unsuspected-uses-of-rosewater\/\" title=\"10 Bienfaits Incroyables de l&#8217;Eau de Rose et Ses Usages Insoup\u00e7onn\u00e9s !\"><br \/>\n\t\t\t\t\t<img width=\"1301\" height=\"622\" src=\"https:\/\/nigellecosmetics.com\/wp-content\/uploads\/2019\/04\/Rose-Delicate-en-Soin.jpg\" alt=\"Mains soign\u00e9es tenant une rose rose vibrant au-dessus d&#039;un bol en verre rempli de p\u00e9tales de rose, \u00e9voquant le soin et la beaut\u00e9 naturelle.\" decoding=\"async\" srcset=\"https:\/\/nigellecosmetics.com\/wp-content\/uploads\/2019\/04\/Rose-Delicate-en-Soin.jpg 1301w, https:\/\/nigellecosmetics.com\/wp-content\/uploads\/2019\/04\/Rose-Delicate-en-Soin-300x143.jpg 300w, https:\/\/nigellecosmetics.com\/wp-content\/uploads\/2019\/04\/Rose-Delicate-en-Soin-1024x490.jpg 1024w, https:\/\/nigellecosmetics.com\/wp-content\/uploads\/2019\/04\/Rose-Delicate-en-Soin-768x367.jpg 768w, https:\/\/nigellecosmetics.com\/wp-content\/uploads\/2019\/04\/Rose-Delicate-en-Soin-600x287.jpg 600w\" sizes=\"(max-width: 1301px) 100vw, 1301px\" \/>\t\t\t\t\t<\/a><br \/>\n\t\t\t<a itemprop=\"url\" href=\"https:\/\/nigellecosmetics.com\/2023\/00\/\"><br \/>\n\t\t\t\t\t\tNov<br \/>\n\t\t\t12<br \/>\n\t\t<\/a><br \/>\n\t\t<meta itemprop=\"interactionCount\" content=\"UserComments: 1\"\/><br \/>\n    <a href=\"\/?product_cat=conseils\" rel=\"category tag\">Conseils<\/a>\t\t\t\t<\/p>\n<h4 itemprop=\"name\" >\n            <a itemprop=\"url\" href=\"https:\/\/nigellecosmetics.com\/en\/10-incredible-benefits-and-unsuspected-uses-of-rosewater\/\" title=\"10 Bienfaits Incroyables de l&#8217;Eau de Rose et Ses Usages Insoup\u00e7onn\u00e9s !\"><br \/>\n            10 Bienfaits Incroyables de l&#8217;Eau de Rose et Ses Usages Insoup\u00e7onn\u00e9s !            <\/a><br \/>\n    <\/h4>\n<p itemprop=\"description\">\n\t\t\t\tDepuis les temps anciens, l&#8217;eau de rose est c\u00e9l\u00e9br\u00e9e pour ses remarquables propri\u00e9t\u00e9s th\u00e9rapeutiques et son incroyable capacit\u00e9 \u00e0 hydrater. Consid\u00e9r\u00e9e comme un \u00e9l\u00e9ment (super)naturel essentiel, elle forme la base de nombreuses formulations prestigieuses dans l&#8217;univers des produits de beaut\u00e9.\t\t\t<\/p>\n<p>\t\t<a itemprop=\"url\" href=\"https:\/\/nigellecosmetics.com\/en\/10-incredible-benefits-and-unsuspected-uses-of-rosewater\/\" target=\"_self\" rel=\"noopener\">    Read More    <\/a>\n<\/li>\n<li>\n\t\t\t\t\t<a itemprop=\"url\" href=\"https:\/\/nigellecosmetics.com\/en\/10-beauty-secrets-for-dazzling-natural-hair\/\" title=\"10 Secrets de Beaut\u00e9 pour des Cheveux Naturels \u00c9blouissants\"><br \/>\n\t\t\t\t\t<img width=\"1301\" height=\"622\" src=\"https:\/\/nigellecosmetics.com\/wp-content\/uploads\/2019\/04\/Beaute-et-Cheveux-Sains.jpg\" alt=\"Portrait d&#039;une femme souriante avec des cheveux longs et boucl\u00e9s brun dor\u00e9, posant sur un fond beige uni pour un effet naturel et sain.\" decoding=\"async\" srcset=\"https:\/\/nigellecosmetics.com\/wp-content\/uploads\/2019\/04\/Beaute-et-Cheveux-Sains.jpg 1301w, https:\/\/nigellecosmetics.com\/wp-content\/uploads\/2019\/04\/Beaute-et-Cheveux-Sains-300x143.jpg 300w, https:\/\/nigellecosmetics.com\/wp-content\/uploads\/2019\/04\/Beaute-et-Cheveux-Sains-1024x490.jpg 1024w, https:\/\/nigellecosmetics.com\/wp-content\/uploads\/2019\/04\/Beaute-et-Cheveux-Sains-768x367.jpg 768w, https:\/\/nigellecosmetics.com\/wp-content\/uploads\/2019\/04\/Beaute-et-Cheveux-Sains-600x287.jpg 600w\" sizes=\"(max-width: 1301px) 100vw, 1301px\" \/>\t\t\t\t\t<\/a><br \/>\n\t\t\t<a itemprop=\"url\" href=\"https:\/\/nigellecosmetics.com\/2013\/00\/\"><br \/>\n\t\t\t\t\t\tNov<br \/>\n\t\t\t01<br \/>\n\t\t<\/a><br \/>\n\t\t<meta itemprop=\"interactionCount\" content=\"UserComments: 1\"\/><br \/>\n    <a href=\"\/?product_cat=conseils\" rel=\"category tag\">Conseils<\/a>\t\t\t\t<\/p>\n<h4 itemprop=\"name\" >\n            <a itemprop=\"url\" href=\"https:\/\/nigellecosmetics.com\/en\/10-beauty-secrets-for-dazzling-natural-hair\/\" title=\"10 Secrets de Beaut\u00e9 pour des Cheveux Naturels \u00c9blouissants\"><br \/>\n            10 Secrets de Beaut\u00e9 pour des Cheveux Naturels \u00c9blouissants            <\/a><br \/>\n    <\/h4>\n<p itemprop=\"description\">\n\t\t\t\tAdopter de bonnes habitudes pour la sant\u00e9 capillaire est un objectif partag\u00e9 par beaucoup, et heureusement, il n&#8217;est pas aussi difficile qu&#8217;il n&#8217;y para\u00eet. Le secret r\u00e9side dans l&#8217;\u00e9tablissement d&#8217;une routine r\u00e9guli\u00e8re bas\u00e9e sur des pratiques saines et simples. Pour\t\t\t<\/p>\n<p>\t\t<a itemprop=\"url\" href=\"https:\/\/nigellecosmetics.com\/en\/10-beauty-secrets-for-dazzling-natural-hair\/\" target=\"_self\" rel=\"noopener\">    Read More    <\/a>\n<\/li>\n<li>\n\t\t\t\t\t<a itemprop=\"url\" href=\"https:\/\/nigellecosmetics.com\/en\/8-incredible-benefits-of-nigella-oil-for-hair-and-face\/\" title=\"8 Bienfaits Incroyables de l&#8217;Huile de Nigelle pour les Cheveux et le visage\"><br \/>\n\t\t\t\t\t<img width=\"1301\" height=\"622\" src=\"https:\/\/nigellecosmetics.com\/wp-content\/uploads\/2019\/04\/Graines-de-Nigelle-et-Fleur.jpg\" alt=\"Graines de nigelle noires dans une cuill\u00e8re en bois \u00e0 c\u00f4t\u00e9 d&#039;une fleur de nigelle bleue sur fond gris textur\u00e9.\" decoding=\"async\" srcset=\"https:\/\/nigellecosmetics.com\/wp-content\/uploads\/2019\/04\/Graines-de-Nigelle-et-Fleur.jpg 1301w, https:\/\/nigellecosmetics.com\/wp-content\/uploads\/2019\/04\/Graines-de-Nigelle-et-Fleur-300x143.jpg 300w, https:\/\/nigellecosmetics.com\/wp-content\/uploads\/2019\/04\/Graines-de-Nigelle-et-Fleur-1024x490.jpg 1024w, https:\/\/nigellecosmetics.com\/wp-content\/uploads\/2019\/04\/Graines-de-Nigelle-et-Fleur-768x367.jpg 768w, https:\/\/nigellecosmetics.com\/wp-content\/uploads\/2019\/04\/Graines-de-Nigelle-et-Fleur-600x287.jpg 600w\" sizes=\"(max-width: 1301px) 100vw, 1301px\" \/>\t\t\t\t\t<\/a><br \/>\n\t\t\t<a itemprop=\"url\" href=\"https:\/\/nigellecosmetics.com\/2023\/00\/\"><br \/>\n\t\t\t\t\t\tNov<br \/>\n\t\t\t24<br \/>\n\t\t<\/a><br \/>\n\t\t<meta itemprop=\"interactionCount\" content=\"UserComments: 1\"\/><br \/>\n    <a href=\"\/?product_cat=conseils\" rel=\"category tag\">Conseils<\/a>\t\t\t\t<\/p>\n<h4 itemprop=\"name\" >\n            <a itemprop=\"url\" href=\"https:\/\/nigellecosmetics.com\/en\/8-incredible-benefits-of-nigella-oil-for-hair-and-face\/\" title=\"8 Bienfaits Incroyables de l&#8217;Huile de Nigelle pour les Cheveux et le visage\"><br \/>\n            8 Bienfaits Incroyables de l&#8217;Huile de Nigelle pour les Cheveux et le visage            <\/a><br \/>\n    <\/h4>\n<p itemprop=\"description\">\n\t\t\t\tImaginez une huile simple d\u00e9tenant le secret d&#8217;une chevelure \u00e9clatante et d&#8217;une peau lumineuse. Cette merveille, c&#8217;est l&#8217;huile de nigelle, un tr\u00e9sor ancestral utilis\u00e9 depuis des mill\u00e9naires. Elle \u00e9tait un \u00e9l\u00e9ment cl\u00e9 des rituels de beaut\u00e9 et de bien-\u00eatre dans\t\t\t<\/p>\n<p>\t\t<a itemprop=\"url\" href=\"https:\/\/nigellecosmetics.com\/en\/8-incredible-benefits-of-nigella-oil-for-hair-and-face\/\" target=\"_self\" rel=\"noopener\">    Read More    <\/a>\n<\/li>\n<\/ul>\n","protected":false},"excerpt":{"rendered":"<p>Nov 12 Conseils 10 Bienfaits Incroyables de l&#8217;Eau de Rose et Ses Usages Insoup\u00e7onn\u00e9s ! Depuis les temps anciens, l&#8217;eau de rose est c\u00e9l\u00e9br\u00e9e pour ses remarquables propri\u00e9t\u00e9s th\u00e9rapeutiques et son incroyable capacit\u00e9 \u00e0 hydrater. Consid\u00e9r\u00e9e comme un \u00e9l\u00e9ment (super)naturel [&hellip;]<\/p>\n","protected":false},"author":455,"featured_media":0,"parent":0,"menu_order":0,"comment_status":"closed","ping_status":"closed","template":"blog-standard","meta":{"footnotes":""},"class_list":["post-4882","page","type-page","status-publish","hentry"],"_links":{"self":[{"href":"https:\/\/nigellecosmetics.com\/en\/wp-json\/wp\/v2\/pages\/4882","targetHints":{"allow":["GET"]}}],"collection":[{"href":"https:\/\/nigellecosmetics.com\/en\/wp-json\/wp\/v2\/pages"}],"about":[{"href":"https:\/\/nigellecosmetics.com\/en\/wp-json\/wp\/v2\/types\/page"}],"author":[{"embeddable":true,"href":"https:\/\/nigellecosmetics.com\/en\/wp-json\/wp\/v2\/users\/455"}],"replies":[{"embeddable":true,"href":"https:\/\/nigellecosmetics.com\/en\/wp-json\/wp\/v2\/comments?post=4882"}],"version-history":[{"count":0,"href":"https:\/\/nigellecosmetics.com\/en\/wp-json\/wp\/v2\/pages\/4882\/revisions"}],"wp:attachment":[{"href":"https:\/\/nigellecosmetics.com\/en\/wp-json\/wp\/v2\/media?parent=4882"}],"curies":[{"name":"wp","href":"https:\/\/api.w.org\/{rel}","templated":true}]}}